{"id":9,"date":"2025-07-15T11:54:21","date_gmt":"2025-07-15T11:54:21","guid":{"rendered":"https:\/\/caballerizasmontpensier.com\/?page_id=9"},"modified":"2025-10-27T18:01:40","modified_gmt":"2025-10-27T18:01:40","slug":"inicio","status":"publish","type":"page","link":"https:\/\/caballerizasmontpensier.com\/","title":{"rendered":"Inicio"},"content":{"rendered":"<p>[et_pb_section fb_built=\u00bb1&#8243; _builder_version=\u00bb4.27.4&#8243; _module_preset=\u00bbdefault\u00bb background_enable_image=\u00bboff\u00bb custom_margin=\u00bb-21px|||||\u00bb custom_padding=\u00bb0px||0px|||\u00bb bottom_divider_color=\u00bb#000000&#8243; border_width_bottom=\u00bb3px\u00bb border_color_bottom=\u00bb#bc9a00&#8243; global_colors_info=\u00bb{}\u00bb][et_pb_row _builder_version=\u00bb4.27.4&#8243; _module_preset=\u00bbdefault\u00bb width=\u00bb100%\u00bb max_width=\u00bb100%\u00bb custom_margin=\u00bb19px|auto||auto||\u00bb custom_padding=\u00bb2px||2px|||\u00bb global_colors_info=\u00bb{}\u00bb][et_pb_column type=\u00bb4_4&#8243; _builder_version=\u00bb4.27.4&#8243; _module_preset=\u00bbdefault\u00bb global_colors_info=\u00bb{}\u00bb][et_pb_slider _builder_version=\u00bb4.27.4&#8243; _module_preset=\u00bbdefault\u00bb width=\u00bb100%\u00bb max_width=\u00bb100%\u00bb content_max_width=\u00bb100%\u00bb min_height=\u00bb511.5px\u00bb custom_margin=\u00bb||-6px|||\u00bb custom_padding=\u00bb||293px|||\u00bb global_colors_info=\u00bb{}\u00bb][et_pb_slide use_bg_overlay=\u00bboff\u00bb _builder_version=\u00bb4.27.4&#8243; _module_preset=\u00bbdefault\u00bb background_enable_color=\u00bboff\u00bb background_image=\u00bbhttps:\/\/caballerizasmontpensier.com\/wp-content\/uploads\/2025\/08\/241058669_4455158144598262_5362735947920521411_n.jpg\u00bb background_enable_image=\u00bbon\u00bb header_text_shadow_style=\u00bbpreset3&#8243; header_text_shadow_color=\u00bb#000000&#8243; text_shadow_style=\u00bbpreset3&#8243; global_colors_info=\u00bb{}\u00bb sticky_transition=\u00bbon\u00bb][\/et_pb_slide][et_pb_slide _builder_version=\u00bb4.27.4&#8243; _module_preset=\u00bbdefault\u00bb background_image=\u00bbhttps:\/\/caballerizasmontpensier.com\/wp-content\/uploads\/2025\/08\/75093792_2679135828867178_1072509297235066880_n.jpg\u00bb background_enable_image=\u00bbon\u00bb global_colors_info=\u00bb{}\u00bb sticky_transition=\u00bbon\u00bb][\/et_pb_slide][et_pb_slide _builder_version=\u00bb4.27.4&#8243; _module_preset=\u00bbdefault\u00bb background_enable_color=\u00bboff\u00bb background_image=\u00bbhttps:\/\/caballerizasmontpensier.com\/wp-content\/uploads\/2025\/08\/250214287_4642917289155679_6937899654384531091_n.jpg\u00bb background_enable_image=\u00bbon\u00bb global_colors_info=\u00bb{}\u00bb sticky_transition=\u00bbon\u00bb][\/et_pb_slide][\/et_pb_slider][\/et_pb_column][\/et_pb_row][\/et_pb_section][et_pb_section fb_built=\u00bb1&#8243; _builder_version=\u00bb4.27.4&#8243; _module_preset=\u00bbdefault\u00bb background_color=\u00bb#2b2b2b\u00bb custom_margin=\u00bb1px|||||\u00bb custom_padding=\u00bb10px||30px|||\u00bb border_width_top=\u00bb2px\u00bb border_color_top=\u00bb#bfb200&#8243; global_colors_info=\u00bb{}\u00bb][et_pb_row _builder_version=\u00bb4.27.4&#8243; _module_preset=\u00bbdefault\u00bb custom_margin=\u00bb15px|auto||auto||\u00bb global_colors_info=\u00bb{}\u00bb][et_pb_column type=\u00bb4_4&#8243; _builder_version=\u00bb4.27.4&#8243; _module_preset=\u00bbdefault\u00bb global_colors_info=\u00bb{}\u00bb][et_pb_text _builder_version=\u00bb4.27.4&#8243; _module_preset=\u00bbdefault\u00bb text_font=\u00bbAbhaya Libre||on||||||\u00bb text_font_size=\u00bb33px\u00bb text_line_height=\u00bb1.2em\u00bb text_orientation=\u00bbcenter\u00bb global_colors_info=\u00bb{}\u00bb]<\/p>\n<p><span style=\"color: #ffffff;\">\u00abUn lugar con historia para celebrar la tuya\u00bb<\/span><\/p>\n<p>[\/et_pb_text][\/et_pb_column][\/et_pb_row][et_pb_row _builder_version=\u00bb4.27.4&#8243; _module_preset=\u00bbdefault\u00bb width=\u00bb100%\u00bb global_colors_info=\u00bb{}\u00bb][et_pb_column type=\u00bb4_4&#8243; _builder_version=\u00bb4.27.4&#8243; _module_preset=\u00bbdefault\u00bb global_colors_info=\u00bb{}\u00bb][et_pb_text _builder_version=\u00bb4.27.4&#8243; _module_preset=\u00bbdefault\u00bb custom_margin=\u00bb|26px|45px|||\u00bb global_colors_info=\u00bb{}\u00bb]<\/p>\n<dl class=\"drawers\">\n<dd class=\"drawer active\">\n<div id=\"descriptionTab\" class=\"content\">\n<div class=\"core-styles\">\n<p style=\"text-align: justify;\"><span style=\"color: #ffffff; font-size: large;\"><strong data-start=\"44\" data-end=\"343\">Ubicadas en pleno coraz\u00f3n de Sanl\u00facar de Barrameda (C\u00e1diz), en la hist\u00f3rica Calle Ba\u00f1os, Las Caballerizas de Montpensier forman parte del emblem\u00e1tico conjunto del Palacio de Orleans\u2011Borb\u00f3n, erigido por encargo de los Duques de Montpensier entre mediados del siglo\u202fXIX y principios del siguiente.<\/strong> Inspirado en estilos neomud\u00e9jar, rom\u00e1ntico ecl\u00e9ctico y con claras influencias orientalistas \u2014incluyendo motivos \u00e1rabes, egipcios, chinos o rococ\u00f3s\u2014, el edificio fue concebido originalmente como caballerizas y vivienda de criados, y hoy representa un s\u00edmbolo del legado arquitect\u00f3nico de la aristocracia decimon\u00f3nica en Andaluc\u00eda.<\/span><\/p>\n<p style=\"text-align: justify;\"><span style=\"color: #ffffff; font-size: large;\"><\/span><\/p>\n<p style=\"text-align: justify;\"><span style=\"color: #ffffff; font-size: large;\"><span class=\"relative -mx-px my-[-0.2rem] rounded px-px py-[0.2rem] transition-colors duration-100 ease-in-out\">Restaurado recientemente por el Grupo Torrebreva \u2014inaugurado el 8 de julio de 2010\u2014, cada estancia del conjunto ha sido modernizada con todas las comodidades para eventos profesionales: vestuarios con duchas, cocina equipada, ascensor para accesibilidad y espacios auxiliares para log\u00edstica.<\/span><\/span><\/p>\n<\/div>\n<\/div>\n<\/dd>\n<\/dl>\n<p>[\/et_pb_text][et_pb_code _builder_version=\u00bb4.27.4&#8243; _module_preset=\u00bbdefault\u00bb global_colors_info=\u00bb{}\u00bb]<script type=\"text\/javascript\" id_elemento=\"23716\" tipo_elemento=\"2\" idw=\"4501\"   w_param=\"getURL\" paramHash=\"3f5acdb040b829a4ad85cdb54943d1a5b1e2bcd3\" src=\"https:\/\/www.mrplan.es\/experiencias\/modulos\/TExpReverse\/lib\/TExpReverseInc.php?id_experiencia=23716&#038;idw=4501&#038;paramHash=3f5acdb040b829a4ad85cdb54943d1a5b1e2bcd3\"><\/script>[\/et_pb_code][\/et_pb_column][\/et_pb_row][\/et_pb_section][et_pb_section fb_built=\u00bb1&#8243; prev_background_color=\u00bb#2b2b2b\u00bb _builder_version=\u00bb4.27.4&#8243; _module_preset=\u00bbdefault\u00bb background_color=\u00bb#000000&#8243; custom_padding=\u00bb||0px|||\u00bb top_divider_style=\u00bbtriangle\u00bb top_divider_height=\u00bb44px\u00bb top_divider_flip=\u00bbvertical\u00bb global_colors_info=\u00bb{}\u00bb][et_pb_row _builder_version=\u00bb4.27.4&#8243; _module_preset=\u00bbdefault\u00bb custom_margin=\u00bb-5px|auto||auto||\u00bb custom_padding=\u00bb13px|||||\u00bb global_colors_info=\u00bb{}\u00bb][et_pb_column type=\u00bb4_4&#8243; _builder_version=\u00bb4.27.4&#8243; _module_preset=\u00bbdefault\u00bb global_colors_info=\u00bb{}\u00bb][et_pb_text _builder_version=\u00bb4.27.4&#8243; _module_preset=\u00bbdefault\u00bb text_text_color=\u00bb#FFFFFF\u00bb header_text_color=\u00bb#FFFFFF\u00bb header_font_size=\u00bb41px\u00bb global_colors_info=\u00bb{}\u00bb]<\/p>\n<h1 style=\"text-align: center;\">Catas<\/h1>\n<p>[\/et_pb_text][\/et_pb_column][\/et_pb_row][et_pb_row column_structure=\u00bb1_4,1_2,1_4&#8243; _builder_version=\u00bb4.27.4&#8243; _module_preset=\u00bbdefault\u00bb width=\u00bb100%\u00bb max_width=\u00bb1505px\u00bb custom_margin=\u00bb-5px|auto||auto||\u00bb custom_padding=\u00bb||3px|||\u00bb global_colors_info=\u00bb{}\u00bb][et_pb_column type=\u00bb1_4&#8243; _builder_version=\u00bb4.27.4&#8243; _module_preset=\u00bbdefault\u00bb global_colors_info=\u00bb{}\u00bb][et_pb_image src=\u00bbhttps:\/\/caballerizasmontpensier.com\/wp-content\/uploads\/2025\/08\/212524202_1777264072460047_3389457392130606194_n.jpg\u00bb title_text=\u00bb212524202_1777264072460047_3389457392130606194_n\u00bb _builder_version=\u00bb4.27.4&#8243; _module_preset=\u00bbdefault\u00bb global_colors_info=\u00bb{}\u00bb][\/et_pb_image][\/et_pb_column][et_pb_column type=\u00bb1_2&#8243; _builder_version=\u00bb4.27.4&#8243; _module_preset=\u00bbdefault\u00bb global_colors_info=\u00bb{}\u00bb][et_pb_text _builder_version=\u00bb4.27.4&#8243; _module_preset=\u00bbdefault\u00bb text_line_height=\u00bb1.4em\u00bb custom_margin=\u00bb|20px||16px||\u00bb global_colors_info=\u00bb{}\u00bb]<\/p>\n<h3 data-start=\"194\" data-end=\"245\" style=\"text-align: center;\"><strong><span style=\"color: #ffffff;\">Vive una experiencia con sabor a Andaluc\u00eda<\/span><\/strong><\/h3>\n<p>&nbsp;<\/p>\n<p data-start=\"247\" data-end=\"333\" style=\"text-align: justify;\"><span style=\"color: #ffffff; font-size: large;\">\u00bfTe apetece descubrir los secretos del vino y el aceite de oliva como nunca antes?<\/span><\/p>\n<p data-start=\"335\" data-end=\"526\" style=\"text-align: justify;\"><span style=\"color: #ffffff; font-size: large;\">Te invitamos a disfrutar de nuestras <strong data-start=\"372\" data-end=\"408\">catas guiadas de vinos y aceites<\/strong>, una experiencia sensorial que te llevar\u00e1 a conocer, saborear y apreciar dos pilares de nuestra cultura mediterr\u00e1nea.<\/span><\/p>\n<p>[\/et_pb_text][et_pb_code _builder_version=\u00bb4.27.4&#8243; _module_preset=\u00bbdefault\u00bb global_colors_info=\u00bb{}\u00bb]<script type=\"text\/javascript\" id_elemento=\"23834\" tipo_elemento=\"2\" idw=\"4501\" w_param=\"getURL\" paramHash=\"3f5acdb040b829a4ad85cdb54943d1a5b1e2bcd3\" src=\"https:\/\/www.mrplan.es\/experiencias\/modulos\/TExpReverse\/lib\/TExpReverseInc.php?id_experiencia=23834&#038;idw=4501&#038;paramHash=3f5acdb040b829a4ad85cdb54943d1a5b1e2bcd3\"><\/script>[\/et_pb_code][et_pb_code _builder_version=\u00bb4.27.4&#8243; _module_preset=\u00bbdefault\u00bb global_colors_info=\u00bb{}\u00bb]<script type=\"text\/javascript\" id_elemento=\"23835\" tipo_elemento=\"2\" idw=\"4501\" w_param=\"getURL\" paramHash=\"3f5acdb040b829a4ad85cdb54943d1a5b1e2bcd3\" src=\"https:\/\/www.mrplan.es\/experiencias\/modulos\/TExpReverse\/lib\/TExpReverseInc.php?id_experiencia=23835&#038;idw=4501&#038;paramHash=3f5acdb040b829a4ad85cdb54943d1a5b1e2bcd3\"><\/script>[\/et_pb_code][\/et_pb_column][et_pb_column type=\u00bb1_4&#8243; _builder_version=\u00bb4.27.4&#8243; _module_preset=\u00bbdefault\u00bb global_colors_info=\u00bb{}\u00bb][et_pb_image src=\u00bbhttps:\/\/caballerizasmontpensier.com\/wp-content\/uploads\/2025\/08\/92686083_1400930926760032_6902910926060519424_n.jpg\u00bb title_text=\u00bb92686083_1400930926760032_6902910926060519424_n\u00bb _builder_version=\u00bb4.27.4&#8243; _module_preset=\u00bbdefault\u00bb global_colors_info=\u00bb{}\u00bb][\/et_pb_image][\/et_pb_column][\/et_pb_row][\/et_pb_section][et_pb_section fb_built=\u00bb1&#8243; _builder_version=\u00bb4.27.4&#8243; _module_preset=\u00bbdefault\u00bb background_color=\u00bb#2b2b2b\u00bb custom_padding=\u00bb0px|||||\u00bb global_colors_info=\u00bb{}\u00bb][et_pb_row _builder_version=\u00bb4.27.4&#8243; _module_preset=\u00bbdefault\u00bb custom_margin=\u00bb-2px|auto||auto||\u00bb custom_padding=\u00bb5px|||||\u00bb global_colors_info=\u00bb{}\u00bb][et_pb_column type=\u00bb4_4&#8243; _builder_version=\u00bb4.27.4&#8243; _module_preset=\u00bbdefault\u00bb global_colors_info=\u00bb{}\u00bb][et_pb_image src=\u00bbhttps:\/\/caballerizasmontpensier.com\/wp-content\/uploads\/2025\/07\/IMG_3090-scaled.jpg\u00bb title_text=\u00bbIMG_3090&#8243; _builder_version=\u00bb4.27.4&#8243; _module_preset=\u00bbdefault\u00bb custom_margin=\u00bb55px|||||\u00bb border_width_all=\u00bb3px\u00bb border_color_all=\u00bb#c1ac4b\u00bb global_colors_info=\u00bb{}\u00bb][\/et_pb_image][\/et_pb_column][\/et_pb_row][et_pb_row _builder_version=\u00bb4.27.4&#8243; _module_preset=\u00bbdefault\u00bb global_colors_info=\u00bb{}\u00bb][et_pb_column type=\u00bb4_4&#8243; _builder_version=\u00bb4.27.4&#8243; _module_preset=\u00bbdefault\u00bb global_colors_info=\u00bb{}\u00bb][et_pb_text _builder_version=\u00bb4.27.4&#8243; _module_preset=\u00bbdefault\u00bb global_colors_info=\u00bb{}\u00bb]<\/p>\n<p data-start=\"713\" data-end=\"750\" style=\"text-align: justify;\"><span class=\"relative -mx-px my-[-0.2rem] rounded px-px py-[0.2rem] transition-colors duration-100 ease-in-out\" style=\"font-size: large; color: #ffffff;\">Este singular enclave pone a su disposici\u00f3n una exquisita selecci\u00f3n de espacios con encanto, ideales para celebrar todo tipo de eventos. Contamos con <strong data-start=\"150\" data-end=\"177\">tres salones interiores<\/strong> y <strong data-start=\"180\" data-end=\"219\">dos patios empedrados al aire libre<\/strong>, perfectamente acondicionados y vers\u00e1tiles para adaptarse a cada necesidad:<\/span><\/p>\n<ul data-start=\"752\" data-end=\"1111\" style=\"text-align: justify;\">\n<li data-start=\"752\" data-end=\"791\">\n<p data-start=\"754\" data-end=\"791\"><span class=\"relative -mx-px my-[-0.2rem] rounded px-px py-[0.2rem] transition-colors duration-100 ease-in-out\" style=\"font-size: large; color: #ffffff;\"><strong data-start=\"0\" data-end=\"17\" data-is-only-node=\"\">Sal\u00f3n Orle\u00e1ns<\/strong> (planta alta): el principal, con casi 600\u202fm\u00b2, decorado con elegancia historicista, configurable para congresos, cenas de gala o grandes celebraciones.<\/span><\/p>\n<\/li>\n<li data-start=\"792\" data-end=\"870\">\n<p data-start=\"794\" data-end=\"870\"><span class=\"relative -mx-px my-[-0.2rem] rounded px-px py-[0.2rem] transition-colors duration-100 ease-in-out\" style=\"font-size: large; color: #ffffff;\"><strong data-start=\"0\" data-end=\"29\" data-is-only-node=\"\">Sal\u00f3n Pr\u00edncipe Don \u00c1lvaro<\/strong> (planta baja): antigua bodega rodeada de botas de manzanilla, con unos 200\u202fm\u00b2, ideal para almuerzos, presentaciones corporativas o reuniones de empresa.<\/span><\/p>\n<\/li>\n<li data-start=\"792\" data-end=\"870\">\n<p data-start=\"794\" data-end=\"870\"><span style=\"font-size: large; color: #ffffff;\"><span class=\"relative -mx-px my-[-0.2rem] rounded px-px py-[0.2rem] transition-colors duration-100 ease-in-out\"><\/span><span class=\"relative -mx-px my-[-0.2rem] rounded px-px py-[0.2rem] transition-colors duration-100 ease-in-out\"><strong data-start=\"0\" data-end=\"26\" data-is-only-node=\"\">Patio de los Carruajes<\/strong>: amplio (420\u202fm\u00b2), ideal para eventos al aire libre, con capacidad para m\u00e1s de 600 personas de pie o unos 540 sentadas<\/span>\u00a0<\/span><\/p>\n<\/li>\n<li data-start=\"1029\" data-end=\"1111\">\n<p data-start=\"1031\" data-end=\"1111\"><span class=\"relative -mx-px my-[-0.2rem] rounded px-px py-[0.2rem] transition-colors duration-100 ease-in-out\" style=\"font-size: large; color: #ffffff;\"><strong data-start=\"0\" data-end=\"23\" data-is-only-node=\"\">Patio de las Beatas<\/strong>: m\u00e1s \u00edntimo (150\u202fm\u00b2), conecta con el sal\u00f3n Orle\u00e1ns, con aforo para 220 personas sentadas o 450 de pie.<\/span><\/p>\n<\/li>\n<\/ul>\n<p data-start=\"1488\" data-end=\"1568\">\n<p>[\/et_pb_text][et_pb_gallery gallery_ids=\u00bb52,53,209,55,112,113,114,115,116,117,118,119&#8243; orientation=\u00bbportrait\u00bb show_title_and_caption=\u00bboff\u00bb _builder_version=\u00bb4.27.4&#8243; _module_preset=\u00bbdefault\u00bb hover_enabled=\u00bb0&#8243; global_colors_info=\u00bb{}\u00bb sticky_enabled=\u00bb0&#8243;][\/et_pb_gallery][\/et_pb_column][\/et_pb_row][et_pb_row _builder_version=\u00bb4.27.4&#8243; _module_preset=\u00bbdefault\u00bb custom_padding=\u00bb5px|||||\u00bb global_colors_info=\u00bb{}\u00bb][et_pb_column type=\u00bb4_4&#8243; _builder_version=\u00bb4.27.4&#8243; _module_preset=\u00bbdefault\u00bb global_colors_info=\u00bb{}\u00bb][et_pb_text _builder_version=\u00bb4.27.4&#8243; _module_preset=\u00bbdefault\u00bb global_colors_info=\u00bb{}\u00bb]<\/p>\n<p style=\"text-align: justify;\"><strong data-start=\"1113\" data-end=\"1257\" style=\"color: #ffffff; font-size: large;\">Nuestros espacios pueden acoger desde reuniones \u00edntimas de 40 personas hasta grandes celebraciones con capacidad para m\u00e1s de 1.000 invitados<\/strong><span style=\"color: #ffffff; font-size: large;\">, combinando salones y patios para adaptarse al formato deseado. Los patios, aut\u00e9ntico pulm\u00f3n del recinto, ofrecen un entorno privilegiado para disfrutar del aire libre durante todo el a\u00f1o.<\/span><\/p>\n<p data-start=\"1488\" data-end=\"1568\">[\/et_pb_text][et_pb_text _builder_version=\u00bb4.27.4&#8243; _module_preset=\u00bbdefault\u00bb text_font=\u00bbAbhaya Libre||on||||||\u00bb text_font_size=\u00bb33px\u00bb text_line_height=\u00bb1.3em\u00bb text_orientation=\u00bbcenter\u00bb global_colors_info=\u00bb{}\u00bb]<\/p>\n<p><span style=\"color: #ffcc00;\">Tu evento, en un lugar con siglos de historia<\/span><\/p>\n<p>[\/et_pb_text][\/et_pb_column][\/et_pb_row][\/et_pb_section]<\/p>\n","protected":false},"excerpt":{"rendered":"<p>\u00abUn lugar con historia para celebrar la tuya\u00bb Ubicadas en pleno coraz\u00f3n de Sanl\u00facar de Barrameda (C\u00e1diz), en la hist\u00f3rica Calle Ba\u00f1os, Las Caballerizas de Montpensier forman parte del emblem\u00e1tico conjunto del Palacio de Orleans\u2011Borb\u00f3n, erigido por encargo de los Duques de Montpensier entre mediados del siglo\u202fXIX y principios del siguiente. Inspirado en estilos neomud\u00e9jar, [&hellip;]<\/p>\n","protected":false},"author":1,"featured_media":0,"parent":0,"menu_order":0,"comment_status":"closed","ping_status":"closed","template":"","meta":{"_et_pb_use_builder":"on","_et_pb_old_content":"","_et_gb_content_width":"","footnotes":""},"class_list":["post-9","page","type-page","status-publish","hentry"],"_links":{"self":[{"href":"https:\/\/caballerizasmontpensier.com\/index.php\/wp-json\/wp\/v2\/pages\/9","targetHints":{"allow":["GET"]}}],"collection":[{"href":"https:\/\/caballerizasmontpensier.com\/index.php\/wp-json\/wp\/v2\/pages"}],"about":[{"href":"https:\/\/caballerizasmontpensier.com\/index.php\/wp-json\/wp\/v2\/types\/page"}],"author":[{"embeddable":true,"href":"https:\/\/caballerizasmontpensier.com\/index.php\/wp-json\/wp\/v2\/users\/1"}],"replies":[{"embeddable":true,"href":"https:\/\/caballerizasmontpensier.com\/index.php\/wp-json\/wp\/v2\/comments?post=9"}],"version-history":[{"count":69,"href":"https:\/\/caballerizasmontpensier.com\/index.php\/wp-json\/wp\/v2\/pages\/9\/revisions"}],"predecessor-version":[{"id":213,"href":"https:\/\/caballerizasmontpensier.com\/index.php\/wp-json\/wp\/v2\/pages\/9\/revisions\/213"}],"wp:attachment":[{"href":"https:\/\/caballerizasmontpensier.com\/index.php\/wp-json\/wp\/v2\/media?parent=9"}],"curies":[{"name":"wp","href":"https:\/\/api.w.org\/{rel}","templated":true}]}}